{"id":2753,"date":"2025-11-26T08:34:03","date_gmt":"2025-11-26T11:34:03","guid":{"rendered":"https:\/\/gleztin.com.ar\/?page_id=2753"},"modified":"2026-04-19T12:42:58","modified_gmt":"2026-04-19T15:42:58","slug":"precios-de-redes-sociales","status":"publish","type":"page","link":"https:\/\/gleztin.com.ar\/index.php\/precios-de-redes-sociales\/","title":{"rendered":"Precios de redes sociales"},"content":{"rendered":"\n<p class=\"has-palette-color-4-color has-text-color has-link-color wp-elements-13c0e1029323634c621c7ff4aa2c75de\">*Estos valores son vigente hasta el 25 de cada mes.<br>*Recuerden que pueden ganar un <strong>5% de descuento <\/strong>por cada cliente que llegue por referencia suya.<\/p>\n\n\n\n<style>\n  @import url('https:\/\/fonts.googleapis.com\/css2?family=Montserrat:wght@300;700;800;900&family=Open+Sans:wght@400;600&display=swap');\n  .gleztin-planes {\n    background-image: url('https:\/\/i.imgur.com\/KAJQTPO.png');\n    background-size: cover; background-position: center; background-repeat: no-repeat; background-color: #f0f8ff;\n    padding:40px 20px 80px 20px; font-family:'Open Sans',sans-serif; position:relative; z-index: 1;\n  }\n  .gleztin-titulo {\n    text-align:center; font-family:'Montserrat',sans-serif; font-weight: 900 !important; \n    font-size: 2.5rem; color: #1a2e4a !important; margin-bottom: 30px; letter-spacing: 3px; text-transform: uppercase;\n  }\n  .gleztin-grid{display:grid; grid-template-columns:repeat(3,1fr); gap:20px; max-width:1000px; margin:0 auto 20px}\n  .gleztin-card{background:white; border-radius:16px; padding:30px 25px; box-shadow:0 4px 20px rgba(0,0,0,0.08); position: relative; z-index: 2;}\n  .gleztin-card-titulo{font-family:'Montserrat',sans-serif; font-weight:900; font-size:1.6rem; color:#1a2e4a; text-align:center; margin-bottom:5px}\n  \n  .gleztin-precio{text-align:center; font-family:'Montserrat',sans-serif; font-weight:300; font-size:1.8rem; color:#1a2e4a; margin-bottom:2px}\n  .gleztin-simbolo-peso { font-size: 0.5em; vertical-align: middle; font-weight: 300; margin-right: 2px; }\n  \n  .gleztin-por-mes{text-align:center; font-family:'Montserrat',sans-serif; font-weight:800; font-size:0.9rem; color:#1a2e4a; margin-bottom:20px; letter-spacing:1px}\n  .gleztin-item{display:flex; justify-content:space-between; align-items:center; padding:10px 0; border-bottom:1px solid #e8f0f7; font-size:0.85rem; color:#2d4a6e; font-weight:600}\n  .gleztin-item:last-child{border-bottom:none}\n  .gleztin-check{color:#3eb489; font-size:1.1rem}\n  .gleztin-footer{display:flex; justify-content:space-between; align-items:center; max-width:1000px; margin:20px auto 0 auto;}\n  .gleztin-logo-img img { max-width: 100px; height: auto; filter: brightness(1.1); }\n  .gleztin-aviso{font-family:'Montserrat',sans-serif; font-weight:800; font-size:0.85rem; color:#1a2e4a; text-align: right;}\n  @media(max-width:768px){ .gleztin-grid{grid-template-columns:1fr; max-width:350px} .gleztin-titulo{font-size:1.8rem} .gleztin-footer{flex-direction:column; gap:15px; text-align:center;} }\n<\/style>\n\n<div class=\"gleztin-planes\">\n  <h2 class=\"gleztin-titulo\" id=\"mes-g1\">NOVIEMBRE<\/h2>\n  <div class=\"gleztin-grid\">\n    <div class=\"gleztin-card\">\n      <div class=\"gleztin-card-titulo\">B\u00c1SICO<\/div>\n      <div class=\"gleztin-precio\" id=\"precio-basico-g1\"><span class=\"gleztin-simbolo-peso\">$<\/span>&#8212;<\/div>\n      <div class=\"gleztin-por-mes\">POR MES<\/div>\n      <div class=\"gleztin-item\"><span>Publicaciones:<\/span><span>8<\/span><\/div>\n      <div class=\"gleztin-item\"><span>Gesti\u00f3n de campa\u00f1as:<\/span><span class=\"gleztin-check\">\u2714<\/span><\/div>\n      <div class=\"gleztin-item\"><span>Fotograf\u00eda:<\/span><span class=\"gleztin-check\">\u2714<\/span><\/div>\n      <div class=\"gleztin-item\"><span>Filmaci\u00f3n:<\/span><span class=\"gleztin-check\">\u2714<\/span><\/div>\n      <div class=\"gleztin-item\"><span>Tomas de drone:<\/span><span class=\"gleztin-check\">\u2714<\/span><\/div>\n      <div class=\"gleztin-item\"><span>An\u00e1lisis:<\/span><span class=\"gleztin-check\">\u2714<\/span><\/div>\n      <div class=\"gleztin-item\"><span>Planificaci\u00f3n mensual:<\/span><span class=\"gleztin-check\">\u2714<\/span><\/div>\n      <div class=\"gleztin-item\"><span>Publicaci\u00f3n de contenido:<\/span><span class=\"gleztin-check\">\u2714<\/span><\/div>\n      <div class=\"gleztin-item\"><span>Copywriting:<\/span><span class=\"gleztin-check\">\u2714<\/span><\/div>\n    <\/div>\n    <div class=\"gleztin-card\">\n      <div class=\"gleztin-card-titulo\">ESTANDAR<\/div>\n      <div class=\"gleztin-precio\" id=\"precio-estandar-g1\"><span class=\"gleztin-simbolo-peso\">$<\/span>&#8212;<\/div>\n      <div class=\"gleztin-por-mes\">POR MES<\/div>\n      <div class=\"gleztin-item\"><span>Publicaciones:<\/span><span>12<\/span><\/div>\n      <div class=\"gleztin-item\"><span>Gesti\u00f3n de campa\u00f1as:<\/span><span class=\"gleztin-check\">\u2714<\/span><\/div>\n      <div class=\"gleztin-item\"><span>Fotograf\u00eda:<\/span><span class=\"gleztin-check\">\u2714<\/span><\/div>\n      <div class=\"gleztin-item\"><span>Filmaci\u00f3n:<\/span><span class=\"gleztin-check\">\u2714<\/span><\/div>\n      <div class=\"gleztin-item\"><span>Tomas de drone:<\/span><span class=\"gleztin-check\">\u2714<\/span><\/div>\n      <div class=\"gleztin-item\"><span>An\u00e1lisis:<\/span><span class=\"gleztin-check\">\u2714<\/span><\/div>\n      <div class=\"gleztin-item\"><span>Planificaci\u00f3n mensual:<\/span><span class=\"gleztin-check\">\u2714<\/span><\/div>\n      <div class=\"gleztin-item\"><span>Publicaci\u00f3n de contenido:<\/span><span class=\"gleztin-check\">\u2714<\/span><\/div>\n      <div class=\"gleztin-item\"><span>Copywriting:<\/span><span class=\"gleztin-check\">\u2714<\/span><\/div>\n    <\/div>\n    <div class=\"gleztin-card\">\n      <div class=\"gleztin-card-titulo\">PREMIUM<\/div>\n      <div class=\"gleztin-precio\" id=\"precio-premium-g1\"><span class=\"gleztin-simbolo-peso\">$<\/span>&#8212;<\/div>\n      <div class=\"gleztin-por-mes\">POR MES<\/div>\n      <div class=\"gleztin-item\"><span>Publicaciones:<\/span><span>16<\/span><\/div>\n      <div class=\"gleztin-item\"><span>Gesti\u00f3n de campa\u00f1as:<\/span><span class=\"gleztin-check\">\u2714<\/span><\/div>\n      <div class=\"gleztin-item\"><span>Fotograf\u00eda:<\/span><span class=\"gleztin-check\">\u2714<\/span><\/div>\n      <div class=\"gleztin-item\"><span>Filmaci\u00f3n:<\/span><span class=\"gleztin-check\">\u2714<\/span><\/div>\n      <div class=\"gleztin-item\"><span>Tomas de drone:<\/span><span class=\"gleztin-check\">\u2714<\/span><\/div>\n      <div class=\"gleztin-item\"><span>An\u00e1lisis:<\/span><span class=\"gleztin-check\">\u2714<\/span><\/div>\n      <div class=\"gleztin-item\"><span>Planificaci\u00f3n mensual:<\/span><span class=\"gleztin-check\">\u2714<\/span><\/div>\n      <div class=\"gleztin-item\"><span>Publicaci\u00f3n de contenido:<\/span><span class=\"gleztin-check\">\u2714<\/span><\/div>\n      <div class=\"gleztin-item\"><span>Copywriting:<\/span><span class=\"gleztin-check\">\u2714<\/span><\/div>\n    <\/div>\n  <\/div>\n  <div class=\"gleztin-footer\">\n    <div class=\"gleztin-logo-img\"><img decoding=\"async\" src=\"https:\/\/i.imgur.com\/PvWzAT9.png\"><\/div>\n    <div class=\"gleztin-aviso\">EL PRECIO SE ACTUALIZA EL 25 DE CADA MES<\/div>\n  <\/div>\n<\/div>\n\n<script>\n(function() {\n  var SHEET_ID = \"1m9G9FWJGWNIT9jsxV6W_6L94UmWOkzBeUho9BPYtDrs\";\n  var SHEET_NAME = \"Gleztin\";\n  var URL = \"https:\/\/docs.google.com\/spreadsheets\/d\/\" + SHEET_ID + \"\/gviz\/tq?tqx=out:json&sheet=\" + encodeURIComponent(SHEET_NAME);\n  fetch(URL).then(function(r){ return r.text(); }).then(function(t){\n    var data = JSON.parse(t.substring(47).slice(0,-2)); var rows = data.table.rows;\n    var fmt = function(v) { return \"<span class='gleztin-simbolo-peso'>$<\/span>\" + v.toLocaleString(\"es-AR\"); };\n    document.getElementById(\"precio-basico-g1\").innerHTML = fmt(rows[0].c[1].v);\n    document.getElementById(\"precio-estandar-g1\").innerHTML = fmt(rows[1].c[1].v);\n    document.getElementById(\"precio-premium-g1\").innerHTML = fmt(rows[2].c[1].v);\n    if (rows[0].c[2]) document.getElementById(\"mes-g1\").textContent = rows[0].c[2].v.toUpperCase();\n  });\n})();\n<\/script>\n","protected":false},"excerpt":{"rendered":"<p>*Estos valores son vigente hasta el 25 de cada mes.*Recuerden que pueden ganar un 5% de descuento por cada cliente que llegue por referencia suya. NOVIEMBRE B\u00c1SICO $&#8212; POR MES Publicaciones:8 Gesti\u00f3n de campa\u00f1as:\u2714 Fotograf\u00eda:\u2714 Filmaci\u00f3n:\u2714 Tomas de drone:\u2714 An\u00e1lisis:\u2714 Planificaci\u00f3n mensual:\u2714 Publicaci\u00f3n de contenido:\u2714 Copywriting:\u2714 ESTANDAR $&#8212; POR MES Publicaciones:12 Gesti\u00f3n de campa\u00f1as:\u2714 Fotograf\u00eda:\u2714 [&hellip;]<\/p>\n","protected":false},"author":1,"featured_media":0,"parent":0,"menu_order":0,"comment_status":"closed","ping_status":"closed","template":"","meta":{"_acf_changed":false,"_joinchat":[],"footnotes":""},"class_list":["post-2753","page","type-page","status-publish","hentry"],"blocksy_meta":[],"acf":[],"_links":{"self":[{"href":"https:\/\/gleztin.com.ar\/index.php\/wp-json\/wp\/v2\/pages\/2753","targetHints":{"allow":["GET"]}}],"collection":[{"href":"https:\/\/gleztin.com.ar\/index.php\/wp-json\/wp\/v2\/pages"}],"about":[{"href":"https:\/\/gleztin.com.ar\/index.php\/wp-json\/wp\/v2\/types\/page"}],"author":[{"embeddable":true,"href":"https:\/\/gleztin.com.ar\/index.php\/wp-json\/wp\/v2\/users\/1"}],"replies":[{"embeddable":true,"href":"https:\/\/gleztin.com.ar\/index.php\/wp-json\/wp\/v2\/comments?post=2753"}],"version-history":[{"count":8,"href":"https:\/\/gleztin.com.ar\/index.php\/wp-json\/wp\/v2\/pages\/2753\/revisions"}],"predecessor-version":[{"id":2796,"href":"https:\/\/gleztin.com.ar\/index.php\/wp-json\/wp\/v2\/pages\/2753\/revisions\/2796"}],"wp:attachment":[{"href":"https:\/\/gleztin.com.ar\/index.php\/wp-json\/wp\/v2\/media?parent=2753"}],"curies":[{"name":"wp","href":"https:\/\/api.w.org\/{rel}","templated":true}]}}