{"id":765,"date":"2022-02-23T21:05:43","date_gmt":"2022-02-23T21:05:43","guid":{"rendered":"https:\/\/demo.creativethemes.com\/stagingfour\/?page_id=765"},"modified":"2024-12-25T12:35:49","modified_gmt":"2024-12-25T15:35:49","slug":"contact-us","status":"publish","type":"page","link":"https:\/\/gleztin.com.ar\/index.php\/contact-us\/","title":{"rendered":"Contacto"},"content":{"rendered":"\n<div class=\"wp-block-stackable-spacer stk-block-spacer stk--no-padding stk-block stk-6090630\" data-block-id=\"6090630\"><style>.stk-6090630 {height:50px !important;}<\/style><\/div>\n\n\n\n<div class=\"wp-block-stackable-columns stk-block-columns stk-block stk-a5bc981 ct-special-features\" data-block-id=\"a5bc981\"><style>.stk-a5bc981 {margin-bottom:0px !important;}.stk-a5bc981-column{--stk-column-gap:35px !important;row-gap:35px !important;}@media screen and (max-width:999px){.stk-a5bc981-column{--stk-column-gap:25px !important;}}<\/style><div class=\"stk-row stk-inner-blocks stk-block-content stk-content-align stk-a5bc981-column\">\n<div class=\"wp-block-stackable-column stk-block-column stk-column stk-block stk-622c7a4 stk-block-background\" data-v=\"4\" data-block-id=\"622c7a4\"><style>.stk-622c7a4-container{margin-top:0px !important;margin-right:0px !important;margin-bottom:0px !important;margin-left:0px !important;}.stk-622c7a4 {background-color:var(--theme-palette-color-8, #ffffff) !important;border-radius:8px !important;overflow:hidden !important;padding-top:80px !important;padding-right:70px !important;padding-bottom:80px !important;padding-left:70px !important;}.stk-622c7a4:hover{background-color:var(--theme-palette-color-1, #e65616) !important;}.stk-622c7a4:before{background-color:var(--theme-palette-color-8, #ffffff) !important;}.stk-622c7a4:hover:before{background-color:var(--theme-palette-color-1, #e65616) !important;}@media screen and (max-width:999px){.stk-622c7a4 {padding-top:40px !important;padding-right:25px !important;padding-bottom:40px !important;padding-left:25px !important;}}<\/style><div class=\"stk-column-wrapper stk-block-column__content stk-container stk-622c7a4-container stk--no-background stk--no-padding\"><div class=\"has-text-align-center stk-block-content stk-inner-blocks stk-622c7a4-inner-blocks\">\n<div class=\"wp-block-stackable-icon stk-block-icon has-text-align-center stk-block stk-ea85267\" data-block-id=\"ea85267\"><style>.stk-ea85267 {margin-bottom:30px !important;}.stk-ea85267 .stk--svg-wrapper .stk--inner-svg svg:last-child{height:45px !important;width:45px !important;}.stk-ea85267 .stk--svg-wrapper .stk--inner-svg svg:last-child, .stk-ea85267 .stk--svg-wrapper .stk--inner-svg svg:last-child :is(g, path, rect, polygon, ellipse){fill:var(--theme-palette-color-4, #ffffff) !important;}@media screen and (max-width:999px){.stk-ea85267 .stk--svg-wrapper .stk--inner-svg svg:last-child{height:30px !important;width:30px !important;}}<\/style><span class=\"stk--svg-wrapper\"><div class=\"stk--inner-svg\"><svg style=\"height:0;width:0\"><defs><linearGradient id=\"linear-gradient-ea85267\" x1=\"0\" x2=\"100%\" y1=\"0\" y2=\"0\"><stop offset=\"0%\" style=\"stop-opacity:1;stop-color:var(--linear-gradient-ea-85267-color-1)\"><\/stop><stop offset=\"100%\" style=\"stop-opacity:1;stop-color:var(--linear-gradient-ea-85267-color-2)\"><\/stop><\/linearGradient><\/defs><\/svg><svg aria-hidden=\"true\" focusable=\"false\" data-prefix=\"fas\" data-icon=\"share-alt-square\" class=\"svg-inline--fa fa-share-alt-square fa-w-14\" xmlns=\"http:\/\/www.w3.org\/2000\/svg\" viewBox=\"0 0 448 512\" width=\"32\" height=\"32\"><path fill=\"currentColor\" d=\"M448 80v352c0 26.51-21.49 48-48 48H48c-26.51 0-48-21.49-48-48V80c0-26.51 21.49-48 48-48h352c26.51 0 48 21.49 48 48zM304 296c-14.562 0-27.823 5.561-37.783 14.671l-67.958-40.775a56.339 56.339 0 0 0 0-27.793l67.958-40.775C276.177 210.439 289.438 216 304 216c30.928 0 56-25.072 56-56s-25.072-56-56-56-56 25.072-56 56c0 4.797.605 9.453 1.74 13.897l-67.958 40.775C171.823 205.561 158.562 200 144 200c-30.928 0-56 25.072-56 56s25.072 56 56 56c14.562 0 27.823-5.561 37.783-14.671l67.958 40.775a56.088 56.088 0 0 0-1.74 13.897c0 30.928 25.072 56 56 56s56-25.072 56-56C360 321.072 334.928 296 304 296z\"><\/path><\/svg><\/div><\/span><\/div>\n\n\n\n<div class=\"wp-block-stackable-heading stk-block-heading stk-block-heading--v2 stk-block stk-592ef48\" id=\"redes-sociales\" data-block-id=\"592ef48\"><style>.stk-592ef48 {margin-bottom:16px !important;}.stk-592ef48 .stk-block-heading__text{font-weight:800 !important;}<\/style><h5 class=\"stk-block-heading__text\">REDES SOCIALES<\/h5><\/div>\n\n\n\n<p class=\"has-text-align-center has-palette-color-4-color has-text-color\"><a href=\"https:\/\/www.instagram.com\/gleztinmkt\" data-type=\"link\" data-id=\"https:\/\/www.instagram.com\/gleztinmkt\">INSTAGRAM<\/a><br><a href=\"https:\/\/www.facebook.com\/profile.php?id=100091681830571\">FACEBOOK<\/a><br><a href=\"https:\/\/wa.link\/l696b8\" data-type=\"URL\" data-id=\"https:\/\/wa.link\/l696b8\">WHATSAPP<\/a><\/p>\n<\/div><\/div><\/div>\n\n\n\n<div class=\"wp-block-stackable-column stk-block-column stk-column stk-block stk-92b5a22 stk-block-background\" data-v=\"4\" data-block-id=\"92b5a22\"><style>.stk-92b5a22-container{margin-top:0px !important;margin-right:0px !important;margin-bottom:0px !important;margin-left:0px !important;}.stk-92b5a22 {background-color:var(--theme-palette-color-8, #ffffff) !important;border-radius:8px !important;overflow:hidden !important;padding-top:80px !important;padding-right:70px !important;padding-bottom:80px !important;padding-left:70px !important;}.stk-92b5a22:hover{background-color:var(--theme-palette-color-1, #e65616) !important;}.stk-92b5a22:before{background-color:var(--theme-palette-color-8, #ffffff) !important;}.stk-92b5a22:hover:before{background-color:var(--theme-palette-color-1, #e65616) !important;}@media screen and (max-width:999px){.stk-92b5a22 {padding-top:40px !important;padding-right:25px !important;padding-bottom:40px !important;padding-left:25px !important;}}<\/style><div class=\"stk-column-wrapper stk-block-column__content stk-container stk-92b5a22-container stk--no-background stk--no-padding\"><div class=\"has-text-align-center stk-block-content stk-inner-blocks stk-92b5a22-inner-blocks\">\n<div class=\"wp-block-stackable-icon stk-block-icon has-text-align-center stk-block stk-d34828e\" data-block-id=\"d34828e\"><style>.stk-d34828e {margin-bottom:30px !important;}.stk-d34828e .stk--svg-wrapper .stk--inner-svg svg:last-child{height:45px !important;width:45px !important;}.stk-d34828e .stk--svg-wrapper .stk--inner-svg svg:last-child, .stk-d34828e .stk--svg-wrapper .stk--inner-svg svg:last-child :is(g, path, rect, polygon, ellipse){fill:var(--theme-palette-color-4, #ffffff) !important;}@media screen and (max-width:999px){.stk-d34828e .stk--svg-wrapper .stk--inner-svg svg:last-child{height:30px !important;width:30px !important;}}<\/style><span class=\"stk--svg-wrapper\"><div class=\"stk--inner-svg\"><svg style=\"height:0;width:0\"><defs><linearGradient id=\"linear-gradient-d34828e\" x1=\"0\" x2=\"100%\" y1=\"0\" y2=\"0\"><stop offset=\"0%\" style=\"stop-opacity:1;stop-color:var(--linear-gradient-d-34828-e-color-1)\"><\/stop><stop offset=\"100%\" style=\"stop-opacity:1;stop-color:var(--linear-gradient-d-34828-e-color-2)\"><\/stop><\/linearGradient><\/defs><\/svg><svg class=\"ugb-custom-icon\" xmlns=\"http:\/\/www.w3.org\/2000\/svg\" viewBox=\"0 0 50 50\" aria-hidden=\"true\" width=\"32\" height=\"32\">\n  <path d=\"M50 16.4V8c0-1.2-1-2.2-2.2-2.2H2.2C1 5.8 0 6.8 0 8v34c0 1.2 1 2.2 2.2 2.2h45.6c1.2 0 2.2-1 2.2-2.2V16.6v-.2zm-4.4-6.2v5.1L25 28.3l-20.6-13v-5.1h41.2zM4.4 39.8V20.4l19.4 12.3c.4.2.8.3 1.2.3.4 0 .8-.1 1.2-.3l19.5-12.3v19.4H4.4z\" fill=\"#fff\"><\/path>\n<\/svg><\/div><\/span><\/div>\n\n\n\n<div class=\"wp-block-stackable-heading stk-block-heading stk-block-heading--v2 stk-block stk-9334345\" id=\"email\" data-block-id=\"9334345\"><style>.stk-9334345 {margin-bottom:16px !important;}.stk-9334345 .stk-block-heading__text{font-weight:800 !important;}<\/style><h5 class=\"stk-block-heading__text\">Email<\/h5><\/div>\n\n\n\n<p class=\"has-text-align-center has-palette-color-4-color has-text-color\"><a href=\"mailto:trust@gleztin.com.ar\">trust@gleztin.com.ar<\/a><\/p>\n<\/div><\/div><\/div>\n\n\n\n<div class=\"wp-block-stackable-column stk-block-column stk-column stk-block stk-5dedb98 stk-block-background\" data-v=\"4\" data-block-id=\"5dedb98\"><style>.stk-5dedb98-container{margin-top:0px !important;margin-right:0px !important;margin-bottom:0px !important;margin-left:0px !important;}.stk-5dedb98 {background-color:var(--theme-palette-color-8, #ffffff) !important;border-radius:8px !important;overflow:hidden !important;padding-top:80px !important;padding-right:70px !important;padding-bottom:80px !important;padding-left:70px !important;}.stk-5dedb98:hover{background-color:var(--theme-palette-color-1, #e65616) !important;}.stk-5dedb98:before{background-color:var(--theme-palette-color-8, #ffffff) !important;}.stk-5dedb98:hover:before{background-color:var(--theme-palette-color-1, #e65616) !important;}@media screen and (max-width:999px){.stk-5dedb98 {padding-top:40px !important;padding-right:25px !important;padding-bottom:40px !important;padding-left:25px !important;}}<\/style><div class=\"stk-column-wrapper stk-block-column__content stk-container stk-5dedb98-container stk--no-background stk--no-padding\"><div class=\"has-text-align-center stk-block-content stk-inner-blocks stk-5dedb98-inner-blocks\">\n<div class=\"wp-block-stackable-icon stk-block-icon has-text-align-center stk-block stk-a02b7b8\" data-block-id=\"a02b7b8\"><style>.stk-a02b7b8 {margin-bottom:30px !important;}.stk-a02b7b8 .stk--svg-wrapper .stk--inner-svg svg:last-child{height:45px !important;width:45px !important;}.stk-a02b7b8 .stk--svg-wrapper .stk--inner-svg svg:last-child, .stk-a02b7b8 .stk--svg-wrapper .stk--inner-svg svg:last-child :is(g, path, rect, polygon, ellipse){fill:var(--theme-palette-color-4, #ffffff) !important;}@media screen and (max-width:999px){.stk-a02b7b8 .stk--svg-wrapper .stk--inner-svg svg:last-child{height:30px !important;width:30px !important;}}<\/style><span class=\"stk--svg-wrapper\"><div class=\"stk--inner-svg\"><svg style=\"height:0;width:0\"><defs><linearGradient id=\"linear-gradient-a02b7b8\" x1=\"0\" x2=\"100%\" y1=\"0\" y2=\"0\"><stop offset=\"0%\" style=\"stop-opacity:1;stop-color:var(--linear-gradient-a-02-b-7-b-8-color-1)\"><\/stop><stop offset=\"100%\" style=\"stop-opacity:1;stop-color:var(--linear-gradient-a-02-b-7-b-8-color-2)\"><\/stop><\/linearGradient><\/defs><\/svg><svg class=\"ugb-custom-icon\" xmlns=\"http:\/\/www.w3.org\/2000\/svg\" viewBox=\"0 0 50 50\" aria-hidden=\"true\" width=\"32\" height=\"32\">\n  <path d=\"M36.9 50c-4.9 0-12.6-2.7-23.4-13.6C6.2 29.1 1.8 22.5.5 16.7-1 10.5 1.4 7.2 2.6 6l4.7-4.7c1.7-1.7 4.5-1.7 6.3 0 .1.1.2.3.3.4l6.8 8.8c1.4 1.8 1.2 4.3-.4 5.9l-2.5 2.5c-.2.3-.3.7-.3 1.1v.2c.1 1.2 2.1 4.8 4.7 7.5 2.7 2.7 6.3 4.7 7.5 4.7h.2c.4.1.8 0 1.1-.3l2.5-2.5c1.6-1.6 4.1-1.7 5.9-.3l8.7 6.8c.9.8 1.5 1.8 1.7 3 .1 1.2-.2 2.3-.9 3.3-.1.1-.2.3-.3.4l-4.7 4.7c-.7.7-2.9 2.5-7 2.5zM10.4 4.2c-.1 0-.1 0-.2.1L5.5 9c-.5.5-2 2.4-1 6.8.8 3.5 3.6 9.3 11.9 17.7 14 14 22.2 13.3 24.5 11l4.7-4.7c.1-.1.1-.3 0-.4L37 32.6c-.1-.1-.3-.1-.4 0L34 35.2c-.1.1-.1.1-.2.1-1.2 1-2.8 1.4-4.3 1.2-2.8-.2-7.3-3.2-10.1-6s-5.8-7.3-6-10.1c-.2-1.5.3-3.1 1.2-4.3 0-.1.1-.1.2-.2l2.6-2.6c.1-.1.1-.2 0-.3l-6.8-8.8h-.2zM4 7.5z\" fill=\"#fff\"><\/path>\n<\/svg><\/div><\/span><\/div>\n\n\n\n<div class=\"wp-block-stackable-heading stk-block-heading stk-block-heading--v2 stk-block stk-583731d\" id=\"telefono\" data-block-id=\"583731d\"><style>.stk-583731d {margin-bottom:16px !important;}.stk-583731d .stk-block-heading__text{font-weight:800 !important;}<\/style><h5 class=\"stk-block-heading__text\">Tel\u00e9fono<\/h5><\/div>\n\n\n\n<p class=\"has-text-align-center has-palette-color-4-color has-text-color\"><a href=\"tel:+5492804194484\" data-type=\"tel\" data-id=\"tel:+5492804194484\">+5492804194484<\/a><\/p>\n<\/div><\/div><\/div>\n<\/div><\/div>\n\n\n\n<div class=\"wp-block-stackable-spacer stk-block-spacer stk--no-padding stk-block stk-6a8268d\" data-block-id=\"6a8268d\"><style>.stk-6a8268d {height:150px !important;}@media screen and (max-width:999px){.stk-6a8268d {height:100px !important;}}@media screen and (max-width:689px){.stk-6a8268d {height:50px !important;}}<\/style><\/div>\n\n\n\n<div class=\"wp-block-stackable-columns stk-block-columns stk-block stk-1dc5942\" data-block-id=\"1dc5942\"><style>.stk-1dc5942 .stk--block-align-1dc5942{align-items:center !important;}.stk-1dc5942 {margin-bottom:0px !important;}.stk-1dc5942-column{--stk-column-gap:35px !important;}@media screen and (max-width:689px){.stk-1dc5942-column{row-gap:35px !important;}}<\/style><div class=\"stk-row stk-inner-blocks stk--block-align-1dc5942 stk-block-content stk-content-align stk-1dc5942-column\">\n<div class=\"wp-block-stackable-column stk-block-column stk-column stk-block stk-93c6013\" data-v=\"4\" data-block-id=\"93c6013\"><style>.stk-93c6013-container{margin-top:0px !important;margin-right:0px !important;margin-bottom:0px !important;margin-left:0px !important;}<\/style><div class=\"stk-column-wrapper stk-block-column__content stk-container stk-93c6013-container stk--no-background stk--no-padding\"><div class=\"has-text-align-center-mobile stk-block-content stk-inner-blocks stk-93c6013-inner-blocks\">\n<div class=\"wp-block-stackable-heading stk-block-heading stk-block-heading--v2 stk-block stk-409217e\" id=\"contanos-en-que-te-podemos-ayudar\" data-block-id=\"409217e\"><style>.stk-409217e {margin-bottom:30px !important;}.stk-409217e .stk-block-heading__text{font-size:60px !important;line-height:1em !important;font-weight:800 !important;}@media screen and (max-width:999px){.stk-409217e .stk-block-heading__text{font-size:40px !important;}}<\/style><h2 class=\"stk-block-heading__text has-text-align-center-mobile\">Contanos en que te podemos ayudar<\/h2><\/div>\n\n\n\n<div class=\"wp-block-stackable-text stk-block-text stk-block stk-8703991\" data-block-id=\"8703991\"><style>.stk-8703991 {margin-bottom:35px !important;}<\/style><p class=\"stk-block-text__text has-text-align-center-mobile\">Gleztin se destaca por su atenci\u00f3n al cliente, buscando la mejor manera de solucionar sus problemas de la forma m\u00e1s econ\u00f3mica posible, utilizando la creatividad ante todo.<\/p><\/div>\n\n\n<div class=\"wpforms-container wpforms-block wpforms-block-47e83d96-3281-4fd5-9ca2-70309ef69f84 wpforms-render-modern\" id=\"wpforms-378\"><form id=\"wpforms-form-378\" class=\"wpforms-validate wpforms-form\" data-formid=\"378\" method=\"post\" enctype=\"multipart\/form-data\" action=\"\/index.php\/wp-json\/wp\/v2\/pages\/765\" data-token=\"eba47e0e50245bc1bf9591d127eb0160\" data-token-time=\"1776716976\"><noscript class=\"wpforms-error-noscript\">Please enable JavaScript in your browser to complete this form.<\/noscript><div id=\"wpforms-error-noscript\" style=\"display: none;\">Please enable JavaScript in your browser to complete this form.<\/div><div class=\"wpforms-field-container\"><div id=\"wpforms-378-field_0-container\" class=\"wpforms-field wpforms-field-name\" data-field-id=\"0\"><label class=\"wpforms-field-label wpforms-label-hide\" for=\"wpforms-378-field_0\" aria-hidden=\"false\">Nombre <span class=\"wpforms-required-label\" aria-hidden=\"true\">*<\/span><\/label><input type=\"text\" id=\"wpforms-378-field_0\" class=\"wpforms-field-large wpforms-field-required\" name=\"wpforms[fields][0]\" placeholder=\"Nombre\" aria-errormessage=\"wpforms-378-field_0-error\" required><\/div><div id=\"wpforms-378-field_5-container\" class=\"wpforms-field wpforms-field-text\" data-field-id=\"5\"><label class=\"wpforms-field-label wpforms-label-hide\" for=\"wpforms-378-field_5\" aria-hidden=\"false\">Tel\u00e9fono<\/label><input type=\"text\" id=\"wpforms-378-field_5\" class=\"wpforms-field-medium\" name=\"wpforms[fields][5]\" placeholder=\"Tel\u00e9fono\" aria-errormessage=\"wpforms-378-field_5-error\" ><\/div><div id=\"wpforms-378-field_1-container\" class=\"wpforms-field wpforms-field-email\" data-field-id=\"1\"><label class=\"wpforms-field-label wpforms-label-hide\" for=\"wpforms-378-field_1\" aria-hidden=\"false\">Email <span class=\"wpforms-required-label\" aria-hidden=\"true\">*<\/span><\/label><input type=\"email\" id=\"wpforms-378-field_1\" class=\"wpforms-field-large wpforms-field-required\" name=\"wpforms[fields][1]\" placeholder=\"Email\" spellcheck=\"false\" aria-errormessage=\"wpforms-378-field_1-error\" required><\/div><div id=\"wpforms-378-field_3-container\" class=\"wpforms-field wpforms-field-select wpforms-field-select-style-classic\" data-field-id=\"3\"><label class=\"wpforms-field-label wpforms-label-hide\" for=\"wpforms-378-field_3\" aria-hidden=\"false\">Tama\u00f1o de su empresa<\/label><select id=\"wpforms-378-field_3\" class=\"wpforms-field-large\" name=\"wpforms[fields][3]\"><option value=\"Emprendimiento\"  class=\"choice-4 depth-1\"  >Emprendimiento<\/option><option value=\"Peque\u00f1a\"  class=\"choice-1 depth-1\"  >Peque\u00f1a<\/option><option value=\"Mediana\"  class=\"choice-2 depth-1\"  >Mediana<\/option><option value=\"Grande\"  class=\"choice-3 depth-1\"  >Grande<\/option><\/select><\/div><div id=\"wpforms-378-field_2-container\" class=\"wpforms-field wpforms-field-textarea\" data-field-id=\"2\"><label class=\"wpforms-field-label wpforms-label-hide\" for=\"wpforms-378-field_2\" aria-hidden=\"false\">mensaje <span class=\"wpforms-required-label\" aria-hidden=\"true\">*<\/span><\/label><textarea id=\"wpforms-378-field_2\" class=\"wpforms-field-medium wpforms-field-required\" name=\"wpforms[fields][2]\" placeholder=\"Mensaje\" aria-errormessage=\"wpforms-378-field_2-error\" required><\/textarea><\/div><\/div><!-- .wpforms-field-container --><div class=\"wpforms-recaptcha-container wpforms-is-recaptcha wpforms-is-recaptcha-type-v3\" ><input type=\"hidden\" name=\"wpforms[recaptcha]\" value=\"\"><\/div><div class=\"wpforms-submit-container\" ><input type=\"hidden\" name=\"wpforms[id]\" value=\"378\"><input type=\"hidden\" name=\"page_title\" value=\"\"><input type=\"hidden\" name=\"page_url\" value=\"https:\/\/gleztin.com.ar\/index.php\/wp-json\/wp\/v2\/pages\/765\"><input type=\"hidden\" name=\"url_referer\" value=\"\"><button type=\"submit\" name=\"wpforms[submit]\" id=\"wpforms-submit-378\" class=\"wpforms-submit\" data-alt-text=\"Enviando...\" data-submit-text=\"Enviar\" aria-live=\"assertive\" value=\"wpforms-submit\">Enviar<\/button><\/div><\/form><\/div>  <!-- .wpforms-container --><\/div><\/div><\/div>\n\n\n\n<div class=\"wp-block-stackable-column stk-block-column stk-column stk-block stk-3b6674e\" data-v=\"4\" data-block-id=\"3b6674e\"><style>.stk-3b6674e-container{margin-top:0px !important;margin-right:0px !important;margin-bottom:0px !important;margin-left:0px !important;}<\/style><div class=\"stk-column-wrapper stk-block-column__content stk-container stk-3b6674e-container stk--no-background stk--no-padding\"><div class=\"stk-block-content stk-inner-blocks stk-3b6674e-inner-blocks\">\n<div class=\"wp-block-stackable-columns stk-block-columns stk-block stk-00ba03f\" data-block-id=\"00ba03f\"><div class=\"stk-row stk-inner-blocks stk-block-content stk-content-align stk-00ba03f-column\">\n<div class=\"wp-block-stackable-column stk-block-column stk-column stk-block stk-2164e7c\" data-v=\"4\" data-block-id=\"2164e7c\"><div class=\"stk-column-wrapper stk-block-column__content stk-container stk-2164e7c-container stk--no-background stk--no-padding\"><div class=\"stk-block-content stk-inner-blocks stk-2164e7c-inner-blocks\">\n<div class=\"wp-block-stackable-image stk-block-image stk-block stk-13818ae\" data-block-id=\"13818ae\"><style>.stk-13818ae {right:-100px !important;left:100px !important;}.stk-13818ae:hover{left:21px !important;}@media screen and (max-width:689px){.stk-13818ae {left:8px !important;}.stk-13818ae .stk-img-wrapper{width:32% !important;}}<\/style><figure><span class=\"stk-img-wrapper stk-image--shape-stretch\"><img loading=\"lazy\" decoding=\"async\" class=\"stk-img wp-image-833\" src=\"http:\/\/gleztin.com.ar\/wp-content\/uploads\/2023\/04\/gleztin.001.webp\" width=\"1080\" height=\"1920\" srcset=\"https:\/\/gleztin.com.ar\/wp-content\/uploads\/2023\/04\/gleztin.001.webp 1080w, https:\/\/gleztin.com.ar\/wp-content\/uploads\/2023\/04\/gleztin.001-600x1067.webp 600w, https:\/\/gleztin.com.ar\/wp-content\/uploads\/2023\/04\/gleztin.001-169x300.webp 169w, https:\/\/gleztin.com.ar\/wp-content\/uploads\/2023\/04\/gleztin.001-576x1024.webp 576w, https:\/\/gleztin.com.ar\/wp-content\/uploads\/2023\/04\/gleztin.001-768x1365.webp 768w, https:\/\/gleztin.com.ar\/wp-content\/uploads\/2023\/04\/gleztin.001-864x1536.webp 864w\" sizes=\"auto, (max-width: 1080px) 100vw, 1080px\" \/><\/span><\/figure><\/div>\n<\/div><\/div><\/div>\n\n\n\n<div class=\"wp-block-stackable-column stk-block-column stk-column stk-block stk-39802fe\" data-v=\"4\" data-block-id=\"39802fe\"><div class=\"stk-column-wrapper stk-block-column__content stk-container stk-39802fe-container stk--no-background stk--no-padding\"><div class=\"stk-block-content stk-inner-blocks stk-39802fe-inner-blocks\">\n<div class=\"wp-block-stackable-spacer stk-block-spacer stk--no-padding stk-block stk-55abc93\" data-block-id=\"55abc93\"><style>.stk-55abc93 {height:250px !important;}@media screen and (max-width:689px){.stk-55abc93 {height:0px !important;}}<\/style><\/div>\n\n\n\n<div class=\"wp-block-stackable-image stk-block-image stk-block stk-2d3dd46\" data-block-id=\"2d3dd46\"><style>.stk-2d3dd46 {left:-100px !important;}.stk-2d3dd46:hover{left:17px !important;}@media screen and (max-width:689px){.stk-2d3dd46 {top:-65px !important;right:-100px !important;bottom:41px !important;left:10px !important;}.stk-2d3dd46:hover{top:-25px !important;left:6px !important;}}<\/style><figure><span class=\"stk-img-wrapper stk-image--shape-stretch\"><img loading=\"lazy\" decoding=\"async\" class=\"stk-img wp-image-823\" src=\"http:\/\/gleztin.com.ar\/wp-content\/uploads\/2023\/04\/Screenshot-2023-02-13-at-21.19.03_clipdrop-enhance-scaled.webp\" width=\"2560\" height=\"507\" alt=\"GLEZTIN\" srcset=\"https:\/\/gleztin.com.ar\/wp-content\/uploads\/2023\/04\/Screenshot-2023-02-13-at-21.19.03_clipdrop-enhance-scaled.webp 2560w, https:\/\/gleztin.com.ar\/wp-content\/uploads\/2023\/04\/Screenshot-2023-02-13-at-21.19.03_clipdrop-enhance-scaled-600x119.webp 600w, https:\/\/gleztin.com.ar\/wp-content\/uploads\/2023\/04\/Screenshot-2023-02-13-at-21.19.03_clipdrop-enhance-300x59.webp 300w, https:\/\/gleztin.com.ar\/wp-content\/uploads\/2023\/04\/Screenshot-2023-02-13-at-21.19.03_clipdrop-enhance-1024x203.webp 1024w, https:\/\/gleztin.com.ar\/wp-content\/uploads\/2023\/04\/Screenshot-2023-02-13-at-21.19.03_clipdrop-enhance-768x152.webp 768w, https:\/\/gleztin.com.ar\/wp-content\/uploads\/2023\/04\/Screenshot-2023-02-13-at-21.19.03_clipdrop-enhance-1536x304.webp 1536w, https:\/\/gleztin.com.ar\/wp-content\/uploads\/2023\/04\/Screenshot-2023-02-13-at-21.19.03_clipdrop-enhance-2048x405.webp 2048w\" sizes=\"auto, (max-width: 2560px) 100vw, 2560px\" \/><\/span><\/figure><\/div>\n<\/div><\/div><\/div>\n<\/div><\/div>\n<\/div><\/div><\/div>\n<\/div><\/div>\n\n\n\n<div class=\"wp-block-stackable-spacer stk-block-spacer stk--no-padding stk-block stk-34452c0\" data-block-id=\"34452c0\"><\/div>\n","protected":false},"excerpt":{"rendered":"<p>REDES SOCIALES INSTAGRAMFACEBOOKWHATSAPP Email trust@gleztin.com.ar Tel\u00e9fono +5492804194484 Contanos en que te podemos ayudar Gleztin se destaca por su atenci\u00f3n al cliente, buscando la mejor manera de solucionar sus problemas de la forma m\u00e1s econ\u00f3mica posible, utilizando la creatividad ante todo.<\/p>\n","protected":false},"author":1,"featured_media":0,"parent":0,"menu_order":0,"comment_status":"closed","ping_status":"closed","template":"","meta":{"_acf_changed":false,"_joinchat":[],"footnotes":""},"class_list":["post-765","page","type-page","status-publish","hentry"],"blocksy_meta":{"styles_descriptor":{"styles":{"desktop":"","tablet":"","mobile":""},"google_fonts":[],"version":6}},"acf":[],"_links":{"self":[{"href":"https:\/\/gleztin.com.ar\/index.php\/wp-json\/wp\/v2\/pages\/765","targetHints":{"allow":["GET"]}}],"collection":[{"href":"https:\/\/gleztin.com.ar\/index.php\/wp-json\/wp\/v2\/pages"}],"about":[{"href":"https:\/\/gleztin.com.ar\/index.php\/wp-json\/wp\/v2\/types\/page"}],"author":[{"embeddable":true,"href":"https:\/\/gleztin.com.ar\/index.php\/wp-json\/wp\/v2\/users\/1"}],"replies":[{"embeddable":true,"href":"https:\/\/gleztin.com.ar\/index.php\/wp-json\/wp\/v2\/comments?post=765"}],"version-history":[{"count":8,"href":"https:\/\/gleztin.com.ar\/index.php\/wp-json\/wp\/v2\/pages\/765\/revisions"}],"predecessor-version":[{"id":2703,"href":"https:\/\/gleztin.com.ar\/index.php\/wp-json\/wp\/v2\/pages\/765\/revisions\/2703"}],"wp:attachment":[{"href":"https:\/\/gleztin.com.ar\/index.php\/wp-json\/wp\/v2\/media?parent=765"}],"curies":[{"name":"wp","href":"https:\/\/api.w.org\/{rel}","templated":true}]}}